{"id":329,"date":"2025-10-14T18:07:34","date_gmt":"2025-10-14T18:07:34","guid":{"rendered":"https:\/\/proligna.cl\/?page_id=329"},"modified":"2025-10-14T18:07:35","modified_gmt":"2025-10-14T18:07:35","slug":"garantia-de-compra-segura","status":"publish","type":"page","link":"https:\/\/proligna.cl\/index.php\/garantia-de-compra-segura\/","title":{"rendered":"Garant\u00eda de compra segura"},"content":{"rendered":"\n<p>En <strong>Proligna Limitada<\/strong> nos preocupamos por tu tranquilidad al momento de realizar tus compras. Por eso, te ofrecemos nuestra <strong>Garant\u00eda de Compra Segura<\/strong>, que asegura que cada transacci\u00f3n con nosotros se realiza bajo los m\u00e1s altos est\u00e1ndares de confianza y respaldo.<\/p>\n\n\n\n<p><strong>\u00bfQu\u00e9 significa esta garant\u00eda?<\/strong><\/p>\n\n\n\n<p><strong>Calidad garantizada<\/strong>: Todos nuestros productos cumplen con los est\u00e1ndares de calidad y durabilidad que caracterizan a Proligna.<\/p>\n\n\n\n<p><strong>Seguridad en el pago<\/strong>: Contamos con sistemas de pago confiables y protegidos para que realices tus compras con total confianza.<\/p>\n\n\n\n<p><strong>Cumplimiento en la entrega<\/strong>: Nos comprometemos a despachar tus productos en los plazos y condiciones acordadas, con el debido cuidado en su transporte y manipulaci\u00f3n.<\/p>\n\n\n\n<p><strong>Atenci\u00f3n postventa<\/strong>: Nuestro equipo est\u00e1 disponible para resolver cualquier consulta o incidencia despu\u00e9s de tu compra, porque tu satisfacci\u00f3n es nuestra prioridad.<\/p>\n\n\n\n<p><strong>Derecho a cambios y devoluciones<\/strong>: En caso de que tu producto presente inconvenientes o no cumpla con lo ofrecido, tendr\u00e1s la opci\u00f3n de cambio o devoluci\u00f3n de acuerdo con la normativa vigente en Chile (Ley del Consumidor N\u00b0 19.496).<\/p>\n","protected":false},"excerpt":{"rendered":"<p>En Proligna Limitada nos preocupamos por tu tranquilidad al momento de realizar tus compras. Por eso, te ofrecemos nuestra Garant\u00eda de Compra Segura, que asegura que cada transacci\u00f3n con nosotros se realiza bajo los m\u00e1s altos est\u00e1ndares de confianza y respaldo. \u00bfQu\u00e9 significa esta garant\u00eda? Calidad garantizada: Todos nuestros productos cumplen con los est\u00e1ndares de calidad y durabilidad que caracterizan a Proligna. Seguridad en el pago: Contamos con sistemas de pago confiables y protegidos para que realices tus compras con total confianza. Cumplimiento en la entrega: Nos comprometemos a despachar tus productos en los plazos y condiciones acordadas, con el debido cuidado en su transporte y manipulaci\u00f3n. Atenci\u00f3n postventa: Nuestro equipo est\u00e1 disponible para resolver cualquier consulta o incidencia despu\u00e9s de tu compra, porque tu satisfacci\u00f3n es nuestra prioridad. Derecho a cambios y devoluciones: En caso de que tu producto presente inconvenientes o no cumpla con lo ofrecido, tendr\u00e1s la opci\u00f3n de cambio o devoluci\u00f3n de acuerdo con la normativa vigente en Chile (Ley del Consumidor N\u00b0 19.496).<\/p>\n","protected":false},"author":1,"featured_media":0,"parent":0,"menu_order":0,"comment_status":"closed","ping_status":"closed","template":"","meta":{"footnotes":""},"class_list":["post-329","page","type-page","status-publish","hentry"],"yoast_head":"<!-- This site is optimized with the Yoast SEO plugin v26.5 - https:\/\/yoast.com\/wordpress\/plugins\/seo\/ -->\n<title>Garant\u00eda de compra segura - Proligna<\/title>\n<meta name=\"robots\" content=\"index, follow, max-snippet:-1, max-image-preview:large, max-video-preview:-1\" \/>\n<link rel=\"canonical\" href=\"https:\/\/proligna.cl\/index.php\/garantia-de-compra-segura\/\" \/>\n<meta property=\"og:locale\" content=\"es_ES\" \/>\n<meta property=\"og:type\" content=\"article\" \/>\n<meta property=\"og:title\" content=\"Garant\u00eda de compra segura - Proligna\" \/>\n<meta property=\"og:description\" content=\"En Proligna Limitada nos preocupamos por tu tranquilidad al momento de realizar tus compras. Por eso, te ofrecemos nuestra Garant\u00eda de Compra Segura, que asegura que cada transacci\u00f3n con nosotros se realiza bajo los m\u00e1s altos est\u00e1ndares de confianza y respaldo. \u00bfQu\u00e9 significa esta garant\u00eda? Calidad garantizada: Todos nuestros productos cumplen con los est\u00e1ndares de calidad y durabilidad que caracterizan a Proligna. Seguridad en el pago: Contamos con sistemas de pago confiables y protegidos para que realices tus compras con total confianza. Cumplimiento en la entrega: Nos comprometemos a despachar tus productos en los plazos y condiciones acordadas, con el debido cuidado en su transporte y manipulaci\u00f3n. Atenci\u00f3n postventa: Nuestro equipo est\u00e1 disponible para resolver cualquier consulta o incidencia despu\u00e9s de tu compra, porque tu satisfacci\u00f3n es nuestra prioridad. Derecho a cambios y devoluciones: En caso de que tu producto presente inconvenientes o no cumpla con lo ofrecido, tendr\u00e1s la opci\u00f3n de cambio o devoluci\u00f3n de acuerdo con la normativa vigente en Chile (Ley del Consumidor N\u00b0 19.496).\" \/>\n<meta property=\"og:url\" content=\"https:\/\/proligna.cl\/index.php\/garantia-de-compra-segura\/\" \/>\n<meta property=\"og:site_name\" content=\"Proligna\" \/>\n<meta property=\"article:modified_time\" content=\"2025-10-14T18:07:35+00:00\" \/>\n<meta property=\"og:image\" content=\"https:\/\/proligna.cl\/wp-content\/uploads\/2025\/11\/cropped-Logo.png\" \/>\n\t<meta property=\"og:image:width\" content=\"512\" \/>\n\t<meta property=\"og:image:height\" content=\"512\" \/>\n\t<meta property=\"og:image:type\" content=\"image\/png\" \/>\n<meta name=\"twitter:card\" content=\"summary_large_image\" \/>\n<meta name=\"twitter:label1\" content=\"Tiempo de lectura\" \/>\n\t<meta name=\"twitter:data1\" content=\"1 minuto\" \/>\n<script type=\"application\/ld+json\" class=\"yoast-schema-graph\">{\"@context\":\"https:\/\/schema.org\",\"@graph\":[{\"@type\":\"WebPage\",\"@id\":\"https:\/\/proligna.cl\/index.php\/garantia-de-compra-segura\/\",\"url\":\"https:\/\/proligna.cl\/index.php\/garantia-de-compra-segura\/\",\"name\":\"Garant\u00eda de compra segura - Proligna\",\"isPartOf\":{\"@id\":\"https:\/\/proligna.cl\/#website\"},\"datePublished\":\"2025-10-14T18:07:34+00:00\",\"dateModified\":\"2025-10-14T18:07:35+00:00\",\"breadcrumb\":{\"@id\":\"https:\/\/proligna.cl\/index.php\/garantia-de-compra-segura\/#breadcrumb\"},\"inLanguage\":\"es\",\"potentialAction\":[{\"@type\":\"ReadAction\",\"target\":[\"https:\/\/proligna.cl\/index.php\/garantia-de-compra-segura\/\"]}]},{\"@type\":\"BreadcrumbList\",\"@id\":\"https:\/\/proligna.cl\/index.php\/garantia-de-compra-segura\/#breadcrumb\",\"itemListElement\":[{\"@type\":\"ListItem\",\"position\":1,\"name\":\"Portada\",\"item\":\"https:\/\/proligna.cl\/\"},{\"@type\":\"ListItem\",\"position\":2,\"name\":\"Garant\u00eda de compra segura\"}]},{\"@type\":\"WebSite\",\"@id\":\"https:\/\/proligna.cl\/#website\",\"url\":\"https:\/\/proligna.cl\/\",\"name\":\"Proligna\",\"description\":\"\",\"publisher\":{\"@id\":\"https:\/\/proligna.cl\/#organization\"},\"potentialAction\":[{\"@type\":\"SearchAction\",\"target\":{\"@type\":\"EntryPoint\",\"urlTemplate\":\"https:\/\/proligna.cl\/?s={search_term_string}\"},\"query-input\":{\"@type\":\"PropertyValueSpecification\",\"valueRequired\":true,\"valueName\":\"search_term_string\"}}],\"inLanguage\":\"es\"},{\"@type\":\"Organization\",\"@id\":\"https:\/\/proligna.cl\/#organization\",\"name\":\"Proligna\",\"alternateName\":\"Proligna\",\"url\":\"https:\/\/proligna.cl\/\",\"logo\":{\"@type\":\"ImageObject\",\"inLanguage\":\"es\",\"@id\":\"https:\/\/proligna.cl\/#\/schema\/logo\/image\/\",\"url\":\"https:\/\/proligna.cl\/wp-content\/uploads\/2025\/11\/cropped-Logo.png\",\"contentUrl\":\"https:\/\/proligna.cl\/wp-content\/uploads\/2025\/11\/cropped-Logo.png\",\"width\":512,\"height\":512,\"caption\":\"Proligna\"},\"image\":{\"@id\":\"https:\/\/proligna.cl\/#\/schema\/logo\/image\/\"}}]}<\/script>\n<!-- \/ Yoast SEO plugin. -->","yoast_head_json":{"title":"Garant\u00eda de compra segura - Proligna","robots":{"index":"index","follow":"follow","max-snippet":"max-snippet:-1","max-image-preview":"max-image-preview:large","max-video-preview":"max-video-preview:-1"},"canonical":"https:\/\/proligna.cl\/index.php\/garantia-de-compra-segura\/","og_locale":"es_ES","og_type":"article","og_title":"Garant\u00eda de compra segura - Proligna","og_description":"En Proligna Limitada nos preocupamos por tu tranquilidad al momento de realizar tus compras. Por eso, te ofrecemos nuestra Garant\u00eda de Compra Segura, que asegura que cada transacci\u00f3n con nosotros se realiza bajo los m\u00e1s altos est\u00e1ndares de confianza y respaldo. \u00bfQu\u00e9 significa esta garant\u00eda? Calidad garantizada: Todos nuestros productos cumplen con los est\u00e1ndares de calidad y durabilidad que caracterizan a Proligna. Seguridad en el pago: Contamos con sistemas de pago confiables y protegidos para que realices tus compras con total confianza. Cumplimiento en la entrega: Nos comprometemos a despachar tus productos en los plazos y condiciones acordadas, con el debido cuidado en su transporte y manipulaci\u00f3n. Atenci\u00f3n postventa: Nuestro equipo est\u00e1 disponible para resolver cualquier consulta o incidencia despu\u00e9s de tu compra, porque tu satisfacci\u00f3n es nuestra prioridad. Derecho a cambios y devoluciones: En caso de que tu producto presente inconvenientes o no cumpla con lo ofrecido, tendr\u00e1s la opci\u00f3n de cambio o devoluci\u00f3n de acuerdo con la normativa vigente en Chile (Ley del Consumidor N\u00b0 19.496).","og_url":"https:\/\/proligna.cl\/index.php\/garantia-de-compra-segura\/","og_site_name":"Proligna","article_modified_time":"2025-10-14T18:07:35+00:00","og_image":[{"width":512,"height":512,"url":"https:\/\/proligna.cl\/wp-content\/uploads\/2025\/11\/cropped-Logo.png","type":"image\/png"}],"twitter_card":"summary_large_image","twitter_misc":{"Tiempo de lectura":"1 minuto"},"schema":{"@context":"https:\/\/schema.org","@graph":[{"@type":"WebPage","@id":"https:\/\/proligna.cl\/index.php\/garantia-de-compra-segura\/","url":"https:\/\/proligna.cl\/index.php\/garantia-de-compra-segura\/","name":"Garant\u00eda de compra segura - Proligna","isPartOf":{"@id":"https:\/\/proligna.cl\/#website"},"datePublished":"2025-10-14T18:07:34+00:00","dateModified":"2025-10-14T18:07:35+00:00","breadcrumb":{"@id":"https:\/\/proligna.cl\/index.php\/garantia-de-compra-segura\/#breadcrumb"},"inLanguage":"es","potentialAction":[{"@type":"ReadAction","target":["https:\/\/proligna.cl\/index.php\/garantia-de-compra-segura\/"]}]},{"@type":"BreadcrumbList","@id":"https:\/\/proligna.cl\/index.php\/garantia-de-compra-segura\/#breadcrumb","itemListElement":[{"@type":"ListItem","position":1,"name":"Portada","item":"https:\/\/proligna.cl\/"},{"@type":"ListItem","position":2,"name":"Garant\u00eda de compra segura"}]},{"@type":"WebSite","@id":"https:\/\/proligna.cl\/#website","url":"https:\/\/proligna.cl\/","name":"Proligna","description":"","publisher":{"@id":"https:\/\/proligna.cl\/#organization"},"potentialAction":[{"@type":"SearchAction","target":{"@type":"EntryPoint","urlTemplate":"https:\/\/proligna.cl\/?s={search_term_string}"},"query-input":{"@type":"PropertyValueSpecification","valueRequired":true,"valueName":"search_term_string"}}],"inLanguage":"es"},{"@type":"Organization","@id":"https:\/\/proligna.cl\/#organization","name":"Proligna","alternateName":"Proligna","url":"https:\/\/proligna.cl\/","logo":{"@type":"ImageObject","inLanguage":"es","@id":"https:\/\/proligna.cl\/#\/schema\/logo\/image\/","url":"https:\/\/proligna.cl\/wp-content\/uploads\/2025\/11\/cropped-Logo.png","contentUrl":"https:\/\/proligna.cl\/wp-content\/uploads\/2025\/11\/cropped-Logo.png","width":512,"height":512,"caption":"Proligna"},"image":{"@id":"https:\/\/proligna.cl\/#\/schema\/logo\/image\/"}}]}},"_links":{"self":[{"href":"https:\/\/proligna.cl\/index.php\/wp-json\/wp\/v2\/pages\/329","targetHints":{"allow":["GET"]}}],"collection":[{"href":"https:\/\/proligna.cl\/index.php\/wp-json\/wp\/v2\/pages"}],"about":[{"href":"https:\/\/proligna.cl\/index.php\/wp-json\/wp\/v2\/types\/page"}],"author":[{"embeddable":true,"href":"https:\/\/proligna.cl\/index.php\/wp-json\/wp\/v2\/users\/1"}],"replies":[{"embeddable":true,"href":"https:\/\/proligna.cl\/index.php\/wp-json\/wp\/v2\/comments?post=329"}],"version-history":[{"count":1,"href":"https:\/\/proligna.cl\/index.php\/wp-json\/wp\/v2\/pages\/329\/revisions"}],"predecessor-version":[{"id":330,"href":"https:\/\/proligna.cl\/index.php\/wp-json\/wp\/v2\/pages\/329\/revisions\/330"}],"wp:attachment":[{"href":"https:\/\/proligna.cl\/index.php\/wp-json\/wp\/v2\/media?parent=329"}],"curies":[{"name":"wp","href":"https:\/\/api.w.org\/{rel}","templated":true}]}}