{"id":331,"date":"2025-10-14T18:08:54","date_gmt":"2025-10-14T18:08:54","guid":{"rendered":"https:\/\/proligna.cl\/?page_id=331"},"modified":"2025-10-14T18:08:55","modified_gmt":"2025-10-14T18:08:55","slug":"politica-de-cookies","status":"publish","type":"page","link":"https:\/\/proligna.cl\/index.php\/politica-de-cookies\/","title":{"rendered":"Pol\u00edtica de Cookies"},"content":{"rendered":"\n<p>En <strong>Proligna Limitada<\/strong> utilizamos cookies y tecnolog\u00edas similares para mejorar la experiencia de navegaci\u00f3n en nuestro sitio web, ofrecer un servicio m\u00e1s personalizado y analizar el uso de la p\u00e1gina.<\/p>\n\n\n\n<p><strong>\u00bfQu\u00e9 son las cookies?<\/strong><\/p>\n\n\n\n<p>Las cookies son peque\u00f1os archivos de texto que se almacenan en tu dispositivo cuando visitas un sitio web. Estas permiten recordar tus preferencias, facilitar el acceso a determinadas funciones y ayudarnos a entender c\u00f3mo interact\u00faas con nuestro contenido.<\/p>\n\n\n\n<p><strong>Tipos de cookies que utilizamos<\/strong><\/p>\n\n\n\n<ol start=\"1\" class=\"wp-block-list\">\n<li><strong>Cookies necesarias<\/strong>: Permiten el funcionamiento b\u00e1sico del sitio, como la navegaci\u00f3n y el acceso a \u00e1reas seguras.<\/li>\n\n\n\n<li><strong>Cookies de rendimiento<\/strong>: Nos ayudan a analizar el uso de nuestro sitio para mejorar su funcionamiento y contenido.<\/li>\n\n\n\n<li><strong>Cookies de funcionalidad<\/strong>: Guardan tus preferencias (como idioma o regi\u00f3n) para ofrecerte una experiencia m\u00e1s personalizada.<\/li>\n\n\n\n<li><strong>Cookies de marketing<\/strong>: Pueden ser utilizadas para mostrarte anuncios relevantes en funci\u00f3n de tus intereses.<\/li>\n<\/ol>\n\n\n\n<p><strong>\u00bfC\u00f3mo puedes gestionarlas?<\/strong><\/p>\n\n\n\n<p>Puedes aceptar, rechazar o eliminar las cookies en cualquier momento a trav\u00e9s de la configuraci\u00f3n de tu navegador. Ten en cuenta que desactivar algunas cookies puede afectar la funcionalidad del sitio y la calidad de la experiencia de navegaci\u00f3n.<\/p>\n\n\n\n<p><strong>Consentimiento<\/strong><\/p>\n\n\n\n<p>Al continuar navegando en nuestro sitio web, aceptas el uso de cookies de acuerdo con esta pol\u00edtica.<\/p>\n\n\n\n<p><strong>Contacto<\/strong><\/p>\n\n\n\n<p>Si tienes dudas sobre nuestra Pol\u00edtica de Cookies, puedes escribirnos a: <strong>contacto@proligna.cl<\/strong><\/p>\n","protected":false},"excerpt":{"rendered":"<p>En Proligna Limitada utilizamos cookies y tecnolog\u00edas similares para mejorar la experiencia de navegaci\u00f3n en nuestro sitio web, ofrecer un servicio m\u00e1s personalizado y analizar el uso de la p\u00e1gina. \u00bfQu\u00e9 son las cookies? Las cookies son peque\u00f1os archivos de texto que se almacenan en tu dispositivo cuando visitas un sitio web. Estas permiten recordar tus preferencias, facilitar el acceso a determinadas funciones y ayudarnos a entender c\u00f3mo interact\u00faas con nuestro contenido. Tipos de cookies que utilizamos \u00bfC\u00f3mo puedes gestionarlas? Puedes aceptar, rechazar o eliminar las cookies en cualquier momento a trav\u00e9s de la configuraci\u00f3n de tu navegador. Ten en cuenta que desactivar algunas cookies puede afectar la funcionalidad del sitio y la calidad de la experiencia de navegaci\u00f3n. Consentimiento Al continuar navegando en nuestro sitio web, aceptas el uso de cookies de acuerdo con esta pol\u00edtica. Contacto Si tienes dudas sobre nuestra Pol\u00edtica de Cookies, puedes escribirnos a: contacto@proligna.cl<\/p>\n","protected":false},"author":1,"featured_media":0,"parent":0,"menu_order":0,"comment_status":"closed","ping_status":"closed","template":"","meta":{"footnotes":""},"class_list":["post-331","page","type-page","status-publish","hentry"],"yoast_head":"<!-- This site is optimized with the Yoast SEO plugin v26.5 - https:\/\/yoast.com\/wordpress\/plugins\/seo\/ -->\n<title>Pol\u00edtica de Cookies - Proligna<\/title>\n<meta name=\"robots\" content=\"index, follow, max-snippet:-1, max-image-preview:large, max-video-preview:-1\" \/>\n<link rel=\"canonical\" href=\"https:\/\/proligna.cl\/index.php\/politica-de-cookies\/\" \/>\n<meta property=\"og:locale\" content=\"es_ES\" \/>\n<meta property=\"og:type\" content=\"article\" \/>\n<meta property=\"og:title\" content=\"Pol\u00edtica de Cookies - Proligna\" \/>\n<meta property=\"og:description\" content=\"En Proligna Limitada utilizamos cookies y tecnolog\u00edas similares para mejorar la experiencia de navegaci\u00f3n en nuestro sitio web, ofrecer un servicio m\u00e1s personalizado y analizar el uso de la p\u00e1gina. \u00bfQu\u00e9 son las cookies? Las cookies son peque\u00f1os archivos de texto que se almacenan en tu dispositivo cuando visitas un sitio web. Estas permiten recordar tus preferencias, facilitar el acceso a determinadas funciones y ayudarnos a entender c\u00f3mo interact\u00faas con nuestro contenido. Tipos de cookies que utilizamos \u00bfC\u00f3mo puedes gestionarlas? Puedes aceptar, rechazar o eliminar las cookies en cualquier momento a trav\u00e9s de la configuraci\u00f3n de tu navegador. Ten en cuenta que desactivar algunas cookies puede afectar la funcionalidad del sitio y la calidad de la experiencia de navegaci\u00f3n. Consentimiento Al continuar navegando en nuestro sitio web, aceptas el uso de cookies de acuerdo con esta pol\u00edtica. Contacto Si tienes dudas sobre nuestra Pol\u00edtica de Cookies, puedes escribirnos a: contacto@proligna.cl\" \/>\n<meta property=\"og:url\" content=\"https:\/\/proligna.cl\/index.php\/politica-de-cookies\/\" \/>\n<meta property=\"og:site_name\" content=\"Proligna\" \/>\n<meta property=\"article:modified_time\" content=\"2025-10-14T18:08:55+00:00\" \/>\n<meta property=\"og:image\" content=\"https:\/\/proligna.cl\/wp-content\/uploads\/2025\/11\/cropped-Logo.png\" \/>\n\t<meta property=\"og:image:width\" content=\"512\" \/>\n\t<meta property=\"og:image:height\" content=\"512\" \/>\n\t<meta property=\"og:image:type\" content=\"image\/png\" \/>\n<meta name=\"twitter:card\" content=\"summary_large_image\" \/>\n<meta name=\"twitter:label1\" content=\"Tiempo de lectura\" \/>\n\t<meta name=\"twitter:data1\" content=\"1 minuto\" \/>\n<script type=\"application\/ld+json\" class=\"yoast-schema-graph\">{\"@context\":\"https:\/\/schema.org\",\"@graph\":[{\"@type\":\"WebPage\",\"@id\":\"https:\/\/proligna.cl\/index.php\/politica-de-cookies\/\",\"url\":\"https:\/\/proligna.cl\/index.php\/politica-de-cookies\/\",\"name\":\"Pol\u00edtica de Cookies - Proligna\",\"isPartOf\":{\"@id\":\"https:\/\/proligna.cl\/#website\"},\"datePublished\":\"2025-10-14T18:08:54+00:00\",\"dateModified\":\"2025-10-14T18:08:55+00:00\",\"breadcrumb\":{\"@id\":\"https:\/\/proligna.cl\/index.php\/politica-de-cookies\/#breadcrumb\"},\"inLanguage\":\"es\",\"potentialAction\":[{\"@type\":\"ReadAction\",\"target\":[\"https:\/\/proligna.cl\/index.php\/politica-de-cookies\/\"]}]},{\"@type\":\"BreadcrumbList\",\"@id\":\"https:\/\/proligna.cl\/index.php\/politica-de-cookies\/#breadcrumb\",\"itemListElement\":[{\"@type\":\"ListItem\",\"position\":1,\"name\":\"Portada\",\"item\":\"https:\/\/proligna.cl\/\"},{\"@type\":\"ListItem\",\"position\":2,\"name\":\"Pol\u00edtica de Cookies\"}]},{\"@type\":\"WebSite\",\"@id\":\"https:\/\/proligna.cl\/#website\",\"url\":\"https:\/\/proligna.cl\/\",\"name\":\"Proligna\",\"description\":\"\",\"publisher\":{\"@id\":\"https:\/\/proligna.cl\/#organization\"},\"potentialAction\":[{\"@type\":\"SearchAction\",\"target\":{\"@type\":\"EntryPoint\",\"urlTemplate\":\"https:\/\/proligna.cl\/?s={search_term_string}\"},\"query-input\":{\"@type\":\"PropertyValueSpecification\",\"valueRequired\":true,\"valueName\":\"search_term_string\"}}],\"inLanguage\":\"es\"},{\"@type\":\"Organization\",\"@id\":\"https:\/\/proligna.cl\/#organization\",\"name\":\"Proligna\",\"alternateName\":\"Proligna\",\"url\":\"https:\/\/proligna.cl\/\",\"logo\":{\"@type\":\"ImageObject\",\"inLanguage\":\"es\",\"@id\":\"https:\/\/proligna.cl\/#\/schema\/logo\/image\/\",\"url\":\"https:\/\/proligna.cl\/wp-content\/uploads\/2025\/11\/cropped-Logo.png\",\"contentUrl\":\"https:\/\/proligna.cl\/wp-content\/uploads\/2025\/11\/cropped-Logo.png\",\"width\":512,\"height\":512,\"caption\":\"Proligna\"},\"image\":{\"@id\":\"https:\/\/proligna.cl\/#\/schema\/logo\/image\/\"}}]}<\/script>\n<!-- \/ Yoast SEO plugin. -->","yoast_head_json":{"title":"Pol\u00edtica de Cookies - Proligna","robots":{"index":"index","follow":"follow","max-snippet":"max-snippet:-1","max-image-preview":"max-image-preview:large","max-video-preview":"max-video-preview:-1"},"canonical":"https:\/\/proligna.cl\/index.php\/politica-de-cookies\/","og_locale":"es_ES","og_type":"article","og_title":"Pol\u00edtica de Cookies - Proligna","og_description":"En Proligna Limitada utilizamos cookies y tecnolog\u00edas similares para mejorar la experiencia de navegaci\u00f3n en nuestro sitio web, ofrecer un servicio m\u00e1s personalizado y analizar el uso de la p\u00e1gina. \u00bfQu\u00e9 son las cookies? Las cookies son peque\u00f1os archivos de texto que se almacenan en tu dispositivo cuando visitas un sitio web. Estas permiten recordar tus preferencias, facilitar el acceso a determinadas funciones y ayudarnos a entender c\u00f3mo interact\u00faas con nuestro contenido. Tipos de cookies que utilizamos \u00bfC\u00f3mo puedes gestionarlas? Puedes aceptar, rechazar o eliminar las cookies en cualquier momento a trav\u00e9s de la configuraci\u00f3n de tu navegador. Ten en cuenta que desactivar algunas cookies puede afectar la funcionalidad del sitio y la calidad de la experiencia de navegaci\u00f3n. Consentimiento Al continuar navegando en nuestro sitio web, aceptas el uso de cookies de acuerdo con esta pol\u00edtica. Contacto Si tienes dudas sobre nuestra Pol\u00edtica de Cookies, puedes escribirnos a: contacto@proligna.cl","og_url":"https:\/\/proligna.cl\/index.php\/politica-de-cookies\/","og_site_name":"Proligna","article_modified_time":"2025-10-14T18:08:55+00:00","og_image":[{"width":512,"height":512,"url":"https:\/\/proligna.cl\/wp-content\/uploads\/2025\/11\/cropped-Logo.png","type":"image\/png"}],"twitter_card":"summary_large_image","twitter_misc":{"Tiempo de lectura":"1 minuto"},"schema":{"@context":"https:\/\/schema.org","@graph":[{"@type":"WebPage","@id":"https:\/\/proligna.cl\/index.php\/politica-de-cookies\/","url":"https:\/\/proligna.cl\/index.php\/politica-de-cookies\/","name":"Pol\u00edtica de Cookies - Proligna","isPartOf":{"@id":"https:\/\/proligna.cl\/#website"},"datePublished":"2025-10-14T18:08:54+00:00","dateModified":"2025-10-14T18:08:55+00:00","breadcrumb":{"@id":"https:\/\/proligna.cl\/index.php\/politica-de-cookies\/#breadcrumb"},"inLanguage":"es","potentialAction":[{"@type":"ReadAction","target":["https:\/\/proligna.cl\/index.php\/politica-de-cookies\/"]}]},{"@type":"BreadcrumbList","@id":"https:\/\/proligna.cl\/index.php\/politica-de-cookies\/#breadcrumb","itemListElement":[{"@type":"ListItem","position":1,"name":"Portada","item":"https:\/\/proligna.cl\/"},{"@type":"ListItem","position":2,"name":"Pol\u00edtica de Cookies"}]},{"@type":"WebSite","@id":"https:\/\/proligna.cl\/#website","url":"https:\/\/proligna.cl\/","name":"Proligna","description":"","publisher":{"@id":"https:\/\/proligna.cl\/#organization"},"potentialAction":[{"@type":"SearchAction","target":{"@type":"EntryPoint","urlTemplate":"https:\/\/proligna.cl\/?s={search_term_string}"},"query-input":{"@type":"PropertyValueSpecification","valueRequired":true,"valueName":"search_term_string"}}],"inLanguage":"es"},{"@type":"Organization","@id":"https:\/\/proligna.cl\/#organization","name":"Proligna","alternateName":"Proligna","url":"https:\/\/proligna.cl\/","logo":{"@type":"ImageObject","inLanguage":"es","@id":"https:\/\/proligna.cl\/#\/schema\/logo\/image\/","url":"https:\/\/proligna.cl\/wp-content\/uploads\/2025\/11\/cropped-Logo.png","contentUrl":"https:\/\/proligna.cl\/wp-content\/uploads\/2025\/11\/cropped-Logo.png","width":512,"height":512,"caption":"Proligna"},"image":{"@id":"https:\/\/proligna.cl\/#\/schema\/logo\/image\/"}}]}},"_links":{"self":[{"href":"https:\/\/proligna.cl\/index.php\/wp-json\/wp\/v2\/pages\/331","targetHints":{"allow":["GET"]}}],"collection":[{"href":"https:\/\/proligna.cl\/index.php\/wp-json\/wp\/v2\/pages"}],"about":[{"href":"https:\/\/proligna.cl\/index.php\/wp-json\/wp\/v2\/types\/page"}],"author":[{"embeddable":true,"href":"https:\/\/proligna.cl\/index.php\/wp-json\/wp\/v2\/users\/1"}],"replies":[{"embeddable":true,"href":"https:\/\/proligna.cl\/index.php\/wp-json\/wp\/v2\/comments?post=331"}],"version-history":[{"count":1,"href":"https:\/\/proligna.cl\/index.php\/wp-json\/wp\/v2\/pages\/331\/revisions"}],"predecessor-version":[{"id":332,"href":"https:\/\/proligna.cl\/index.php\/wp-json\/wp\/v2\/pages\/331\/revisions\/332"}],"wp:attachment":[{"href":"https:\/\/proligna.cl\/index.php\/wp-json\/wp\/v2\/media?parent=331"}],"curies":[{"name":"wp","href":"https:\/\/api.w.org\/{rel}","templated":true}]}}