{"id":381,"date":"2025-10-15T20:08:31","date_gmt":"2025-10-15T20:08:31","guid":{"rendered":"https:\/\/proligna.cl\/?page_id=381"},"modified":"2025-10-28T16:34:52","modified_gmt":"2025-10-28T16:34:52","slug":"contactenos","status":"publish","type":"page","link":"https:\/\/proligna.cl\/index.php\/contactenos\/","title":{"rendered":"Cont\u00e1ctenos"},"content":{"rendered":"\n<!-- Formulario de Contacto -->\n    <section class=\"bg-white p-4 rounded shadow mb-5\">\n      <h2 class=\"h3 mb-4\">Formulario de Contacto<\/h2>\n      <form method=\"post\" action=\"https:\/\/proligna.cl\/contacto.php\" enctype=\"multipart\/form-data\">\n\t\t  \n        <div class=\"mb-3\">\n          <label for=\"name\" class=\"form-label\">Nombre<\/label>\n          <input type=\"text\" class=\"form-control\" id=\"name\" name=\"name\" required>\n        <\/div>\n        <div class=\"mb-3\">\n          <label for=\"email\" class=\"form-label\">Correo Electr\u00f3nico<\/label>\n          <input type=\"email\" class=\"form-control\" id=\"email\" name=\"email\" required>\n        <\/div>\n\t\t  <div class=\"mb-3\">\n  <label for=\"tipo\" class=\"form-label\">Tipo de consulta<\/label>\n  <select class=\"form-select\" id=\"tipo\" name=\"tipo\" required>\n    <option value=\"\">Selecciona una opci\u00f3n<\/option>\n    <option value=\"Cotizaci\u00f3n\">Cotizaci\u00f3n<\/option>\n    <option value=\"Reclamo\">Reclamo<\/option>\n    <option value=\"Sugerencia\">Sugerencia<\/option>\n    <option value=\"Felicitaciones\">Felicitaciones<\/option>\n    <option value=\"Otros\">Otros<\/option>\n  <\/select>\n<\/div>\n\t\t  \n\t\t     <div class=\"mb-3\">\n      <label for=\"unidad\" class=\"form-label\">Unidad<\/label>\n      <select class=\"form-select\" id=\"unidad\" name=\"unidad\" required>\n        <option value=\"\">Selecciona una unidad<\/option>\n        <option value=\"Frutillar\">Frutillar<\/option>\n        <option value=\"Purranque\">Purranque<\/option>\n        <option value=\"Gerencia\">Gerencia<\/option>\n        <option value=\"Administraci\u00f3n\">Administraci\u00f3n<\/option>\n      <\/select>\n    <\/div>\n        <div class=\"mb-3\">\n          <label for=\"message\" class=\"form-label\">Mensaje<\/label>\n          <textarea class=\"form-control\" id=\"message\" name=\"message\" rows=\"5\" required><\/textarea>\n        <\/div>\n        <div class=\"mb-3\">\n          <label for=\"file\" class=\"form-label\">Adjuntar Archivos (para cotizaciones)<\/label>\n          <input type=\"file\" class=\"form-control\" id=\"file\" name=\"file\">\n        <\/div>\n        <button type=\"submit\" class=\"btn btn-primary\">Enviar<\/button>\n      <\/form>\n    <\/section>\n","protected":false},"excerpt":{"rendered":"<p>Formulario de Contacto Nombre Correo Electr\u00f3nico Tipo de consulta Selecciona una opci\u00f3nCotizaci\u00f3nReclamoSugerenciaFelicitacionesOtros Unidad Selecciona una unidadFrutillarPurranqueGerenciaAdministraci\u00f3n Mensaje Adjuntar Archivos (para cotizaciones) Enviar<\/p>\n","protected":false},"author":1,"featured_media":0,"parent":0,"menu_order":0,"comment_status":"closed","ping_status":"closed","template":"","meta":{"footnotes":""},"class_list":["post-381","page","type-page","status-publish","hentry"],"yoast_head":"<!-- This site is optimized with the Yoast SEO plugin v26.5 - https:\/\/yoast.com\/wordpress\/plugins\/seo\/ -->\n<title>Cont\u00e1ctenos - Proligna<\/title>\n<meta name=\"robots\" content=\"index, follow, max-snippet:-1, max-image-preview:large, max-video-preview:-1\" \/>\n<link rel=\"canonical\" href=\"https:\/\/proligna.cl\/index.php\/contactenos\/\" \/>\n<meta property=\"og:locale\" content=\"es_ES\" \/>\n<meta property=\"og:type\" content=\"article\" \/>\n<meta property=\"og:title\" content=\"Cont\u00e1ctenos - Proligna\" \/>\n<meta property=\"og:description\" content=\"Formulario de Contacto Nombre Correo Electr\u00f3nico Tipo de consulta Selecciona una opci\u00f3nCotizaci\u00f3nReclamoSugerenciaFelicitacionesOtros Unidad Selecciona una unidadFrutillarPurranqueGerenciaAdministraci\u00f3n Mensaje Adjuntar Archivos (para cotizaciones) Enviar\" \/>\n<meta property=\"og:url\" content=\"https:\/\/proligna.cl\/index.php\/contactenos\/\" \/>\n<meta property=\"og:site_name\" content=\"Proligna\" \/>\n<meta property=\"article:modified_time\" content=\"2025-10-28T16:34:52+00:00\" \/>\n<meta property=\"og:image\" content=\"https:\/\/proligna.cl\/wp-content\/uploads\/2025\/11\/cropped-Logo.png\" \/>\n\t<meta property=\"og:image:width\" content=\"512\" \/>\n\t<meta property=\"og:image:height\" content=\"512\" \/>\n\t<meta property=\"og:image:type\" content=\"image\/png\" \/>\n<meta name=\"twitter:card\" content=\"summary_large_image\" \/>\n<meta name=\"twitter:label1\" content=\"Tiempo de lectura\" \/>\n\t<meta name=\"twitter:data1\" content=\"1 minuto\" \/>\n<script type=\"application\/ld+json\" class=\"yoast-schema-graph\">{\"@context\":\"https:\/\/schema.org\",\"@graph\":[{\"@type\":\"WebPage\",\"@id\":\"https:\/\/proligna.cl\/index.php\/contactenos\/\",\"url\":\"https:\/\/proligna.cl\/index.php\/contactenos\/\",\"name\":\"Cont\u00e1ctenos - Proligna\",\"isPartOf\":{\"@id\":\"https:\/\/proligna.cl\/#website\"},\"datePublished\":\"2025-10-15T20:08:31+00:00\",\"dateModified\":\"2025-10-28T16:34:52+00:00\",\"breadcrumb\":{\"@id\":\"https:\/\/proligna.cl\/index.php\/contactenos\/#breadcrumb\"},\"inLanguage\":\"es\",\"potentialAction\":[{\"@type\":\"ReadAction\",\"target\":[\"https:\/\/proligna.cl\/index.php\/contactenos\/\"]}]},{\"@type\":\"BreadcrumbList\",\"@id\":\"https:\/\/proligna.cl\/index.php\/contactenos\/#breadcrumb\",\"itemListElement\":[{\"@type\":\"ListItem\",\"position\":1,\"name\":\"Portada\",\"item\":\"https:\/\/proligna.cl\/\"},{\"@type\":\"ListItem\",\"position\":2,\"name\":\"Cont\u00e1ctenos\"}]},{\"@type\":\"WebSite\",\"@id\":\"https:\/\/proligna.cl\/#website\",\"url\":\"https:\/\/proligna.cl\/\",\"name\":\"Proligna\",\"description\":\"\",\"publisher\":{\"@id\":\"https:\/\/proligna.cl\/#organization\"},\"potentialAction\":[{\"@type\":\"SearchAction\",\"target\":{\"@type\":\"EntryPoint\",\"urlTemplate\":\"https:\/\/proligna.cl\/?s={search_term_string}\"},\"query-input\":{\"@type\":\"PropertyValueSpecification\",\"valueRequired\":true,\"valueName\":\"search_term_string\"}}],\"inLanguage\":\"es\"},{\"@type\":\"Organization\",\"@id\":\"https:\/\/proligna.cl\/#organization\",\"name\":\"Proligna\",\"alternateName\":\"Proligna\",\"url\":\"https:\/\/proligna.cl\/\",\"logo\":{\"@type\":\"ImageObject\",\"inLanguage\":\"es\",\"@id\":\"https:\/\/proligna.cl\/#\/schema\/logo\/image\/\",\"url\":\"https:\/\/proligna.cl\/wp-content\/uploads\/2025\/11\/cropped-Logo.png\",\"contentUrl\":\"https:\/\/proligna.cl\/wp-content\/uploads\/2025\/11\/cropped-Logo.png\",\"width\":512,\"height\":512,\"caption\":\"Proligna\"},\"image\":{\"@id\":\"https:\/\/proligna.cl\/#\/schema\/logo\/image\/\"}}]}<\/script>\n<!-- \/ Yoast SEO plugin. -->","yoast_head_json":{"title":"Cont\u00e1ctenos - Proligna","robots":{"index":"index","follow":"follow","max-snippet":"max-snippet:-1","max-image-preview":"max-image-preview:large","max-video-preview":"max-video-preview:-1"},"canonical":"https:\/\/proligna.cl\/index.php\/contactenos\/","og_locale":"es_ES","og_type":"article","og_title":"Cont\u00e1ctenos - Proligna","og_description":"Formulario de Contacto Nombre Correo Electr\u00f3nico Tipo de consulta Selecciona una opci\u00f3nCotizaci\u00f3nReclamoSugerenciaFelicitacionesOtros Unidad Selecciona una unidadFrutillarPurranqueGerenciaAdministraci\u00f3n Mensaje Adjuntar Archivos (para cotizaciones) Enviar","og_url":"https:\/\/proligna.cl\/index.php\/contactenos\/","og_site_name":"Proligna","article_modified_time":"2025-10-28T16:34:52+00:00","og_image":[{"width":512,"height":512,"url":"https:\/\/proligna.cl\/wp-content\/uploads\/2025\/11\/cropped-Logo.png","type":"image\/png"}],"twitter_card":"summary_large_image","twitter_misc":{"Tiempo de lectura":"1 minuto"},"schema":{"@context":"https:\/\/schema.org","@graph":[{"@type":"WebPage","@id":"https:\/\/proligna.cl\/index.php\/contactenos\/","url":"https:\/\/proligna.cl\/index.php\/contactenos\/","name":"Cont\u00e1ctenos - Proligna","isPartOf":{"@id":"https:\/\/proligna.cl\/#website"},"datePublished":"2025-10-15T20:08:31+00:00","dateModified":"2025-10-28T16:34:52+00:00","breadcrumb":{"@id":"https:\/\/proligna.cl\/index.php\/contactenos\/#breadcrumb"},"inLanguage":"es","potentialAction":[{"@type":"ReadAction","target":["https:\/\/proligna.cl\/index.php\/contactenos\/"]}]},{"@type":"BreadcrumbList","@id":"https:\/\/proligna.cl\/index.php\/contactenos\/#breadcrumb","itemListElement":[{"@type":"ListItem","position":1,"name":"Portada","item":"https:\/\/proligna.cl\/"},{"@type":"ListItem","position":2,"name":"Cont\u00e1ctenos"}]},{"@type":"WebSite","@id":"https:\/\/proligna.cl\/#website","url":"https:\/\/proligna.cl\/","name":"Proligna","description":"","publisher":{"@id":"https:\/\/proligna.cl\/#organization"},"potentialAction":[{"@type":"SearchAction","target":{"@type":"EntryPoint","urlTemplate":"https:\/\/proligna.cl\/?s={search_term_string}"},"query-input":{"@type":"PropertyValueSpecification","valueRequired":true,"valueName":"search_term_string"}}],"inLanguage":"es"},{"@type":"Organization","@id":"https:\/\/proligna.cl\/#organization","name":"Proligna","alternateName":"Proligna","url":"https:\/\/proligna.cl\/","logo":{"@type":"ImageObject","inLanguage":"es","@id":"https:\/\/proligna.cl\/#\/schema\/logo\/image\/","url":"https:\/\/proligna.cl\/wp-content\/uploads\/2025\/11\/cropped-Logo.png","contentUrl":"https:\/\/proligna.cl\/wp-content\/uploads\/2025\/11\/cropped-Logo.png","width":512,"height":512,"caption":"Proligna"},"image":{"@id":"https:\/\/proligna.cl\/#\/schema\/logo\/image\/"}}]}},"_links":{"self":[{"href":"https:\/\/proligna.cl\/index.php\/wp-json\/wp\/v2\/pages\/381","targetHints":{"allow":["GET"]}}],"collection":[{"href":"https:\/\/proligna.cl\/index.php\/wp-json\/wp\/v2\/pages"}],"about":[{"href":"https:\/\/proligna.cl\/index.php\/wp-json\/wp\/v2\/types\/page"}],"author":[{"embeddable":true,"href":"https:\/\/proligna.cl\/index.php\/wp-json\/wp\/v2\/users\/1"}],"replies":[{"embeddable":true,"href":"https:\/\/proligna.cl\/index.php\/wp-json\/wp\/v2\/comments?post=381"}],"version-history":[{"count":4,"href":"https:\/\/proligna.cl\/index.php\/wp-json\/wp\/v2\/pages\/381\/revisions"}],"predecessor-version":[{"id":453,"href":"https:\/\/proligna.cl\/index.php\/wp-json\/wp\/v2\/pages\/381\/revisions\/453"}],"wp:attachment":[{"href":"https:\/\/proligna.cl\/index.php\/wp-json\/wp\/v2\/media?parent=381"}],"curies":[{"name":"wp","href":"https:\/\/api.w.org\/{rel}","templated":true}]}}